{"id":11,"date":"2021-11-17T19:13:17","date_gmt":"2021-11-17T19:13:17","guid":{"rendered":"https:\/\/wmnhipotecaria.com\/?page_id=11"},"modified":"2021-11-26T12:32:14","modified_gmt":"2021-11-26T12:32:14","slug":"acerca-de-nosotros","status":"publish","type":"page","link":"https:\/\/westernmortgagenetwork.com\/es\/acerca-de-nosotros\/","title":{"rendered":"ACERCA DE NOSOTROS"},"content":{"rendered":"\t\t<div data-elementor-type=\"wp-page\" data-elementor-id=\"11\" class=\"elementor elementor-11\" data-elementor-settings=\"[]\">\n\t\t\t\t\t\t\t<div class=\"elementor-section-wrap\">\n\t\t\t\t\t\t\t<section class=\"elementor-section elementor-top-section elementor-element elementor-element-245a516 elementor-section-boxed elementor-section-height-default elementor-section-height-default\" data-id=\"245a516\" data-element_type=\"section\">\n\t\t\t\t\t\t<div class=\"elementor-container elementor-column-gap-default\">\n\t\t\t\t\t<div class=\"elementor-column elementor-col-50 elementor-top-column elementor-element elementor-element-b5ab4c5\" data-id=\"b5ab4c5\" data-element_type=\"column\">\n\t\t\t<div class=\"elementor-widget-wrap elementor-element-populated\">\n\t\t\t\t\t\t\t\t<div class=\"elementor-element elementor-element-5f89fa2 elementor-widget elementor-widget-spacer\" data-id=\"5f89fa2\" data-element_type=\"widget\" data-widget_type=\"spacer.default\">\n\t\t\t\t<div class=\"elementor-widget-container\">\n\t\t\t\t\t<div class=\"elementor-spacer\">\n\t\t\t<div class=\"elementor-spacer-inner\"><\/div>\n\t\t<\/div>\n\t\t\t\t<\/div>\n\t\t\t\t<\/div>\n\t\t\t\t<div class=\"elementor-element elementor-element-76cb53c elementor-widget elementor-widget-heading\" data-id=\"76cb53c\" data-element_type=\"widget\" data-widget_type=\"heading.default\">\n\t\t\t\t<div class=\"elementor-widget-container\">\n\t\t\t<h2 class=\"elementor-heading-title elementor-size-default\">Acerca de Nosotros<\/h2>\t\t<\/div>\n\t\t\t\t<\/div>\n\t\t\t\t<div class=\"elementor-element elementor-element-430143a elementor-widget elementor-widget-text-editor\" data-id=\"430143a\" data-element_type=\"widget\" data-widget_type=\"text-editor.default\">\n\t\t\t\t<div class=\"elementor-widget-container\">\n\t\t\t\t\t\t\t<h6>WMN se cre\u00f3 para reunir a los mejores socios de la industria para formar una Red importante y confiable, c<span style=\"font-style: inherit; font-weight: inherit; color: var(--ast-global-color-3);\">on la colaboraci\u00f3n de los mejores y m\u00e1s eficientes prestamistas, compa\u00f1\u00edas de fideicomiso, compa\u00f1\u00edas de t\u00edtulos, oficiales de pr\u00e9stamos y corredores.<\/span><\/h6><h6>Con la Red que hemos construido, hemos simplificado y agilizado el proceso de pr\u00e9stamo para nuestros clientes. Pero, \u00bfqu\u00e9 es la simplificaci\u00f3n, la velocidad y la optimizaci\u00f3n sin un servicio de atenci\u00f3n al cliente y una comunicaci\u00f3n superiores? El servicio al cliente y la comunicaci\u00f3n abierta son esenciales para la Red. \u00bfEst\u00e1 cansado de no poder comunicarse con su oficial de pr\u00e9stamos o de no obtener respuestas a sus preguntas? Eso no sucede en Western Mortgage Network.<\/h6><h6><br \/>No solo hemos reunido a los mejores de la industria, sino que tambi\u00e9n nos aseguramos de que las tarifas sean algunas de las m\u00e1s bajas de la industria. Esto pasa directamente a nuestros clientes con tasas de inter\u00e9s generales m\u00e1s bajas.<\/h6>\t\t\t\t\t\t<\/div>\n\t\t\t\t<\/div>\n\t\t\t\t\t<\/div>\n\t\t<\/div>\n\t\t\t\t<div class=\"elementor-column elementor-col-50 elementor-top-column elementor-element elementor-element-6c7a2cf\" data-id=\"6c7a2cf\" data-element_type=\"column\">\n\t\t\t<div class=\"elementor-widget-wrap\">\n\t\t\t\t\t\t\t\t\t<\/div>\n\t\t<\/div>\n\t\t\t\t\t\t\t<\/div>\n\t\t<\/section>\n\t\t\t\t<section class=\"elementor-section elementor-top-section elementor-element elementor-element-205b929 elementor-section-boxed elementor-section-height-default elementor-section-height-default\" data-id=\"205b929\" data-element_type=\"section\">\n\t\t\t\t\t\t<div class=\"elementor-container elementor-column-gap-default\">\n\t\t\t\t\t<div class=\"elementor-column elementor-col-33 elementor-top-column elementor-element elementor-element-7427c72\" data-id=\"7427c72\" data-element_type=\"column\">\n\t\t\t<div class=\"elementor-widget-wrap elementor-element-populated\">\n\t\t\t\t\t\t\t\t<div class=\"elementor-element elementor-element-30f950f elementor-widget elementor-widget-image\" data-id=\"30f950f\" data-element_type=\"widget\" data-widget_type=\"image.default\">\n\t\t\t\t<div class=\"elementor-widget-container\">\n\t\t\t\t\t\t\t\t\t\t\t\t\t\t\t<img loading=\"lazy\" decoding=\"async\" width=\"1772\" height=\"1300\" src=\"https:\/\/westernmortgagenetwork.com\/es\/wp-content\/uploads\/2021\/11\/mun\u0303eco1_Mesa-de-trabajo-1.png\" class=\"attachment-full size-full\" alt=\"\" srcset=\"https:\/\/westernmortgagenetwork.com\/es\/wp-content\/uploads\/2021\/11\/mun\u0303eco1_Mesa-de-trabajo-1.png 1772w, https:\/\/westernmortgagenetwork.com\/es\/wp-content\/uploads\/2021\/11\/mun\u0303eco1_Mesa-de-trabajo-1-300x220.png 300w, https:\/\/westernmortgagenetwork.com\/es\/wp-content\/uploads\/2021\/11\/mun\u0303eco1_Mesa-de-trabajo-1-1024x751.png 1024w, https:\/\/westernmortgagenetwork.com\/es\/wp-content\/uploads\/2021\/11\/mun\u0303eco1_Mesa-de-trabajo-1-768x563.png 768w, https:\/\/westernmortgagenetwork.com\/es\/wp-content\/uploads\/2021\/11\/mun\u0303eco1_Mesa-de-trabajo-1-1536x1127.png 1536w\" sizes=\"auto, (max-width: 1772px) 100vw, 1772px\" \/>\t\t\t\t\t\t\t\t\t\t\t\t\t\t\t<\/div>\n\t\t\t\t<\/div>\n\t\t\t\t\t<\/div>\n\t\t<\/div>\n\t\t\t\t<div class=\"elementor-column elementor-col-33 elementor-top-column elementor-element elementor-element-38c0bcd\" data-id=\"38c0bcd\" data-element_type=\"column\">\n\t\t\t<div class=\"elementor-widget-wrap elementor-element-populated\">\n\t\t\t\t\t\t\t\t<div class=\"elementor-element elementor-element-4d1bf66 elementor-widget elementor-widget-text-editor\" data-id=\"4d1bf66\" data-element_type=\"widget\" data-widget_type=\"text-editor.default\">\n\t\t\t\t<div class=\"elementor-widget-container\">\n\t\t\t\t\t\t\t<p>Acordamos con nuestros prestamistas reducir las comisiones, hasta la mitad de los est\u00e1ndares normales de la industria, lo que resulta en tasas m\u00e1s bajas y tarifas m\u00e1s bajas para nuestros prestatarios<\/p><p>\u00a0<\/p><p>La Red se basa en la velocidad y la transparencia. Con 40 a\u00f1os combinados de experiencia en la industria, los copropietarios han encontrado la mejor red y han eliminado algunas de las \u00e1reas que tradicionalmente prolongan y complican el proceso de pr\u00e9stamo. Debido a esto, los pr\u00e9stamos se cierran m\u00e1s r\u00e1pido con menos trabajo para nuestros clientes.<\/p><p>El negocio de Western Mortgage Networks est\u00e1 dise\u00f1ado para ser el m\u00e1s r\u00e1pido y eficiente posible.<\/p><p>\u00a0<\/p>\t\t\t\t\t\t<\/div>\n\t\t\t\t<\/div>\n\t\t\t\t\t<\/div>\n\t\t<\/div>\n\t\t\t\t<div class=\"elementor-column elementor-col-33 elementor-top-column elementor-element elementor-element-1acd26b\" data-id=\"1acd26b\" data-element_type=\"column\">\n\t\t\t<div class=\"elementor-widget-wrap\">\n\t\t\t\t\t\t\t\t\t<\/div>\n\t\t<\/div>\n\t\t\t\t\t\t\t<\/div>\n\t\t<\/section>\n\t\t\t\t<section class=\"elementor-section elementor-top-section elementor-element elementor-element-55357f elementor-section-full_width elementor-section-stretched elementor-section-height-default elementor-section-height-default\" data-id=\"55357f\" data-element_type=\"section\" data-settings=\"{&quot;stretch_section&quot;:&quot;section-stretched&quot;,&quot;background_background&quot;:&quot;classic&quot;}\">\n\t\t\t\t\t\t\t<div class=\"elementor-background-overlay\"><\/div>\n\t\t\t\t\t\t\t<div class=\"elementor-container elementor-column-gap-default\">\n\t\t\t\t\t<div class=\"elementor-column elementor-col-100 elementor-top-column elementor-element elementor-element-71fa6564\" data-id=\"71fa6564\" data-element_type=\"column\">\n\t\t\t<div class=\"elementor-widget-wrap elementor-element-populated\">\n\t\t\t\t\t\t\t\t<section class=\"elementor-section elementor-inner-section elementor-element elementor-element-69c9d977 elementor-section-full_width elementor-section-height-default elementor-section-height-default\" data-id=\"69c9d977\" data-element_type=\"section\">\n\t\t\t\t\t\t<div class=\"elementor-container elementor-column-gap-default\">\n\t\t\t\t\t<div class=\"elementor-column elementor-col-14 elementor-inner-column elementor-element elementor-element-4be2fd51\" data-id=\"4be2fd51\" data-element_type=\"column\">\n\t\t\t<div class=\"elementor-widget-wrap\">\n\t\t\t\t\t\t\t\t\t<\/div>\n\t\t<\/div>\n\t\t\t\t<div class=\"elementor-column elementor-col-14 elementor-inner-column elementor-element elementor-element-4895b729\" data-id=\"4895b729\" data-element_type=\"column\">\n\t\t\t<div class=\"elementor-widget-wrap elementor-element-populated\">\n\t\t\t\t\t\t\t\t<div class=\"elementor-element elementor-element-57c568f4 elementor-widget elementor-widget-image\" data-id=\"57c568f4\" data-element_type=\"widget\" data-widget_type=\"image.default\">\n\t\t\t\t<div class=\"elementor-widget-container\">\n\t\t\t\t\t\t\t\t\t\t\t\t\t\t\t<img loading=\"lazy\" decoding=\"async\" width=\"207\" height=\"90\" src=\"https:\/\/westernmortgagenetwork.com\/es\/wp-content\/uploads\/2021\/11\/logo-hipotecaria.png\" class=\"attachment-large size-large\" alt=\"\" \/>\t\t\t\t\t\t\t\t\t\t\t\t\t\t\t<\/div>\n\t\t\t\t<\/div>\n\t\t\t\t<div class=\"elementor-element elementor-element-728c174b elementor-widget elementor-widget-text-editor\" data-id=\"728c174b\" data-element_type=\"widget\" data-widget_type=\"text-editor.default\">\n\t\t\t\t<div class=\"elementor-widget-container\">\n\t\t\t\t\t\t\t<p>\u00a1Western Mortgage puede ayudarlo a obtener el mejor pr\u00e9stamo a la mejor tasa posible!<\/p>\t\t\t\t\t\t<\/div>\n\t\t\t\t<\/div>\n\t\t\t\t\t<\/div>\n\t\t<\/div>\n\t\t\t\t<div class=\"elementor-column elementor-col-14 elementor-inner-column elementor-element elementor-element-1475895b\" data-id=\"1475895b\" data-element_type=\"column\">\n\t\t\t<div class=\"elementor-widget-wrap\">\n\t\t\t\t\t\t\t\t\t<\/div>\n\t\t<\/div>\n\t\t\t\t<div class=\"elementor-column elementor-col-14 elementor-inner-column elementor-element elementor-element-41653bbc\" data-id=\"41653bbc\" data-element_type=\"column\" data-settings=\"{&quot;background_background&quot;:&quot;classic&quot;}\">\n\t\t\t<div class=\"elementor-widget-wrap elementor-element-populated\">\n\t\t\t\t\t\t\t\t<div class=\"elementor-element elementor-element-6f5041e6 elementor-widget elementor-widget-heading\" data-id=\"6f5041e6\" data-element_type=\"widget\" data-widget_type=\"heading.default\">\n\t\t\t\t<div class=\"elementor-widget-container\">\n\t\t\t<h5 class=\"elementor-heading-title elementor-size-default\">Links<\/h5>\t\t<\/div>\n\t\t\t\t<\/div>\n\t\t\t\t<div class=\"elementor-element elementor-element-4eebc6c9 elementor-widget elementor-widget-heading\" data-id=\"4eebc6c9\" data-element_type=\"widget\" data-widget_type=\"heading.default\">\n\t\t\t\t<div class=\"elementor-widget-container\">\n\t\t\t<h5 class=\"elementor-heading-title elementor-size-default\"><a href=\"https:\/\/wmnhipotecaria.com\/\">Home<\/a><\/h5>\t\t<\/div>\n\t\t\t\t<\/div>\n\t\t\t\t<div class=\"elementor-element elementor-element-1bc6ced7 elementor-widget elementor-widget-heading\" data-id=\"1bc6ced7\" data-element_type=\"widget\" data-widget_type=\"heading.default\">\n\t\t\t\t<div class=\"elementor-widget-container\">\n\t\t\t<h5 class=\"elementor-heading-title elementor-size-default\"><a href=\"https:\/\/wmnhipotecaria.com\/acerca-de-nosotros\/\">Acerca de nosotros<\/a><\/h5>\t\t<\/div>\n\t\t\t\t<\/div>\n\t\t\t\t<div class=\"elementor-element elementor-element-759aba6 elementor-widget elementor-widget-heading\" data-id=\"759aba6\" data-element_type=\"widget\" data-widget_type=\"heading.default\">\n\t\t\t\t<div class=\"elementor-widget-container\">\n\t\t\t<h5 class=\"elementor-heading-title elementor-size-default\"><a href=\"https:\/\/wmnhipotecaria.com\/requisitos\">Requisitos<\/a><\/h5>\t\t<\/div>\n\t\t\t\t<\/div>\n\t\t\t\t<div class=\"elementor-element elementor-element-46da63b7 elementor-widget elementor-widget-heading\" data-id=\"46da63b7\" data-element_type=\"widget\" data-widget_type=\"heading.default\">\n\t\t\t\t<div class=\"elementor-widget-container\">\n\t\t\t<h5 class=\"elementor-heading-title elementor-size-default\"><a href=\"https:\/\/wmnhipotecaria.com\/procesos\/\">Procesos<\/a><\/h5>\t\t<\/div>\n\t\t\t\t<\/div>\n\t\t\t\t<div class=\"elementor-element elementor-element-f901ff6 elementor-widget elementor-widget-heading\" data-id=\"f901ff6\" data-element_type=\"widget\" data-widget_type=\"heading.default\">\n\t\t\t\t<div class=\"elementor-widget-container\">\n\t\t\t<h5 class=\"elementor-heading-title elementor-size-default\"><a href=\"https:\/\/wmnhipotecaria.com\/contacto\">Contacto<\/a><\/h5>\t\t<\/div>\n\t\t\t\t<\/div>\n\t\t\t\t\t<\/div>\n\t\t<\/div>\n\t\t\t\t<div class=\"elementor-column elementor-col-14 elementor-inner-column elementor-element elementor-element-437e1306\" data-id=\"437e1306\" data-element_type=\"column\">\n\t\t\t<div class=\"elementor-widget-wrap\">\n\t\t\t\t\t\t\t\t\t<\/div>\n\t\t<\/div>\n\t\t\t\t<div class=\"elementor-column elementor-col-14 elementor-inner-column elementor-element elementor-element-34718994\" data-id=\"34718994\" data-element_type=\"column\">\n\t\t\t<div class=\"elementor-widget-wrap elementor-element-populated\">\n\t\t\t\t\t\t\t\t<div class=\"elementor-element elementor-element-205ce01f elementor-widget elementor-widget-image\" data-id=\"205ce01f\" data-element_type=\"widget\" data-widget_type=\"image.default\">\n\t\t\t\t<div class=\"elementor-widget-container\">\n\t\t\t\t\t\t\t\t\t\t\t\t\t\t\t<img loading=\"lazy\" decoding=\"async\" width=\"150\" height=\"131\" src=\"https:\/\/westernmortgagenetwork.com\/es\/wp-content\/uploads\/2021\/11\/new-logo-footer-1-1.png\" class=\"attachment-thumbnail size-thumbnail\" alt=\"\" \/>\t\t\t\t\t\t\t\t\t\t\t\t\t\t\t<\/div>\n\t\t\t\t<\/div>\n\t\t\t\t<div class=\"elementor-element elementor-element-6f16ad19 elementor-widget elementor-widget-text-editor\" data-id=\"6f16ad19\" data-element_type=\"widget\" data-widget_type=\"text-editor.default\">\n\t\t\t\t<div class=\"elementor-widget-container\">\n\t\t\t\t\t\t\t<p>Western Mortgage Network se enorgullece de asociarse con Coraz\u00f3n de Vida, una maravillosa organizaci\u00f3n ben\u00e9fica que brinda fondos a orfanatos en Baja California, M\u00e9xico. Las ganancias de cada pr\u00e9stamo se donan a Coraz\u00f3n de Vida<\/p>\t\t\t\t\t\t<\/div>\n\t\t\t\t<\/div>\n\t\t\t\t\t<\/div>\n\t\t<\/div>\n\t\t\t\t<div class=\"elementor-column elementor-col-14 elementor-inner-column elementor-element elementor-element-2b3413c4\" data-id=\"2b3413c4\" data-element_type=\"column\">\n\t\t\t<div class=\"elementor-widget-wrap\">\n\t\t\t\t\t\t\t\t\t<\/div>\n\t\t<\/div>\n\t\t\t\t\t\t\t<\/div>\n\t\t<\/section>\n\t\t\t\t<div class=\"elementor-element elementor-element-19660b78 elementor-widget-divider--view-line elementor-widget elementor-widget-divider\" data-id=\"19660b78\" data-element_type=\"widget\" data-widget_type=\"divider.default\">\n\t\t\t\t<div class=\"elementor-widget-container\">\n\t\t\t\t\t<div class=\"elementor-divider\">\n\t\t\t<span class=\"elementor-divider-separator\">\n\t\t\t\t\t\t<\/span>\n\t\t<\/div>\n\t\t\t\t<\/div>\n\t\t\t\t<\/div>\n\t\t\t\t<div class=\"elementor-element elementor-element-7cb34d3d elementor-widget elementor-widget-heading\" data-id=\"7cb34d3d\" data-element_type=\"widget\" data-widget_type=\"heading.default\">\n\t\t\t\t<div class=\"elementor-widget-container\">\n\t\t\t<h4 class=\"elementor-heading-title elementor-size-default\"><b>Cl\u00e1usulas <\/b><\/h4>\t\t<\/div>\n\t\t\t\t<\/div>\n\t\t\t\t<section class=\"elementor-section elementor-inner-section elementor-element elementor-element-4d3f0e83 elementor-section-full_width elementor-section-height-default elementor-section-height-default\" data-id=\"4d3f0e83\" data-element_type=\"section\">\n\t\t\t\t\t\t<div class=\"elementor-container elementor-column-gap-default\">\n\t\t\t\t\t<div class=\"elementor-column elementor-col-100 elementor-inner-column elementor-element elementor-element-5f0dbb62\" data-id=\"5f0dbb62\" data-element_type=\"column\">\n\t\t\t<div class=\"elementor-widget-wrap elementor-element-populated\">\n\t\t\t\t\t\t\t\t<div class=\"elementor-element elementor-element-737fc648 elementor-widget elementor-widget-text-editor\" data-id=\"737fc648\" data-element_type=\"widget\" data-widget_type=\"text-editor.default\">\n\t\t\t\t<div class=\"elementor-widget-container\">\n\t\t\t\t\t\t\t<p>Todas las aprobaciones de pr\u00e9stamos son condicionales, no est\u00e1n garantizadas y est\u00e1n sujetas a la revisi\u00f3n de toda la informaci\u00f3n por parte del prestamista. El pr\u00e9stamo se aprueba condicionalmente cuando el prestamista ha emitido la aprobaci\u00f3n por escrito, pero hasta que se cumplan todas las condiciones, el pr\u00e9stamo no se puede financiar. Es posible que las tasas espec\u00edficas no est\u00e9n disponibles para todos los prestatarios. Tarifa sujeta a cambios con las condiciones del mercado. Western Mortgage Network es un corredor de hipotecas que ofrece igualdad de oportunidades. En California, este licenciatario est\u00e1 realizando actos para los que se requiere una licencia de bienes ra\u00edces. Western Mortgage Network tiene licencia de la Oficina de Bienes Ra\u00edces de California, Broker # 02140462 NMLS # 2120900. Western Mortgage Network est\u00e1 aprobada para originar pr\u00e9stamos VA y FHA, y tiene la capacidad de negociar dichos pr\u00e9stamos con prestamistas aprobados por VA y FHA. Western Mortgage Network, Inc. no act\u00faa en nombre o bajo la direcci\u00f3n de HUD \/ FHA o VA.<\/p>\t\t\t\t\t\t<\/div>\n\t\t\t\t<\/div>\n\t\t\t\t\t<\/div>\n\t\t<\/div>\n\t\t\t\t\t\t\t<\/div>\n\t\t<\/section>\n\t\t\t\t\t<\/div>\n\t\t<\/div>\n\t\t\t\t\t\t\t<\/div>\n\t\t<\/section>\n\t\t\t\t\t\t<\/div>\n\t\t\t\t\t<\/div>\n\t\t","protected":false},"excerpt":{"rendered":"<p>Acerca de Nosotros WMN se cre\u00f3 para reunir a los mejores socios de la industria para formar una Red importante y confiable, con la colaboraci\u00f3n de los mejores y m\u00e1s eficientes prestamistas, compa\u00f1\u00edas de fideicomiso, compa\u00f1\u00edas de t\u00edtulos, oficiales de pr\u00e9stamos y corredores. Con la Red que hemos construido, hemos simplificado y agilizado el proceso &hellip;<\/p>\n<p class=\"read-more\"> <a class=\"\" href=\"https:\/\/westernmortgagenetwork.com\/es\/acerca-de-nosotros\/\"> <span class=\"screen-reader-text\">ACERCA DE NOSOTROS<\/span> Leer m\u00e1s &raquo;<\/a><\/p>\n","protected":false},"author":1,"featured_media":0,"parent":0,"menu_order":0,"comment_status":"closed","ping_status":"closed","template":"","meta":{"site-sidebar-layout":"no-sidebar","site-content-layout":"page-builder","ast-global-header-display":"","ast-main-header-display":"","ast-hfb-above-header-display":"","ast-hfb-below-header-display":"","ast-hfb-mobile-header-display":"","site-post-title":"disabled","ast-breadcrumbs-content":"","ast-featured-img":"disabled","footer-sml-layout":"","theme-transparent-header-meta":"","adv-header-id-meta":"","stick-header-meta":"","header-above-stick-meta":"","header-main-stick-meta":"","header-below-stick-meta":"","footnotes":""},"class_list":["post-11","page","type-page","status-publish","hentry"],"uagb_featured_image_src":{"full":false,"thumbnail":false,"medium":false,"medium_large":false,"large":false,"1536x1536":false,"2048x2048":false,"widget-thumbnail":false},"uagb_author_info":{"display_name":"jerusale","author_link":"https:\/\/westernmortgagenetwork.com\/es\/author\/jerusale\/"},"uagb_comment_info":0,"uagb_excerpt":"Acerca de Nosotros WMN se cre\u00f3 para reunir a los mejores socios de la industria para formar una Red importante y confiable, con la colaboraci\u00f3n de los mejores y m\u00e1s eficientes prestamistas, compa\u00f1\u00edas de fideicomiso, compa\u00f1\u00edas de t\u00edtulos, oficiales de pr\u00e9stamos y corredores. Con la Red que hemos construido, hemos simplificado y agilizado el proceso&hellip;","_links":{"self":[{"href":"https:\/\/westernmortgagenetwork.com\/es\/wp-json\/wp\/v2\/pages\/11","targetHints":{"allow":["GET"]}}],"collection":[{"href":"https:\/\/westernmortgagenetwork.com\/es\/wp-json\/wp\/v2\/pages"}],"about":[{"href":"https:\/\/westernmortgagenetwork.com\/es\/wp-json\/wp\/v2\/types\/page"}],"author":[{"embeddable":true,"href":"https:\/\/westernmortgagenetwork.com\/es\/wp-json\/wp\/v2\/users\/1"}],"replies":[{"embeddable":true,"href":"https:\/\/westernmortgagenetwork.com\/es\/wp-json\/wp\/v2\/comments?post=11"}],"version-history":[{"count":37,"href":"https:\/\/westernmortgagenetwork.com\/es\/wp-json\/wp\/v2\/pages\/11\/revisions"}],"predecessor-version":[{"id":1049,"href":"https:\/\/westernmortgagenetwork.com\/es\/wp-json\/wp\/v2\/pages\/11\/revisions\/1049"}],"wp:attachment":[{"href":"https:\/\/westernmortgagenetwork.com\/es\/wp-json\/wp\/v2\/media?parent=11"}],"curies":[{"name":"wp","href":"https:\/\/api.w.org\/{rel}","templated":true}]}}